{"id":121,"date":"2017-10-25T18:00:54","date_gmt":"2017-10-25T16:00:54","guid":{"rendered":"http:\/\/www.vedicart.net\/hem\/"},"modified":"2017-12-10T16:05:12","modified_gmt":"2017-12-10T15:05:12","slug":"hem","status":"publish","type":"page","link":"https:\/\/www.vedicart.net\/sv\/","title":{"rendered":"Hem"},"content":{"rendered":"<h2>V\u00e4lkommen till Vedic Art-l\u00e4rarnas webbplats<\/h2>\n<p>&nbsp;<\/p>\n<p><a href=\"http:\/\/se.vedicart.net\/index\"><img loading=\"lazy\" decoding=\"async\" class=\"alignnone size-full wp-image-152\" src=\"http:\/\/www.vedicart.net\/wp-content\/uploads\/2017\/12\/Sweden.gif\" alt=\"\" width=\"16\" height=\"11\" \/><\/a> <a href=\"http:\/\/se.vedicart.net\/index\">Till de svenska l\u00e4rarnas webbplats<\/a><\/p>\n<p>&nbsp;<\/p>\n","protected":false},"excerpt":{"rendered":"<p>V\u00e4lkommen till Vedic Art-l\u00e4rarnas webbplats &nbsp; Till de svenska l\u00e4rarnas webbplats &nbsp;<\/p>\n","protected":false},"author":1,"featured_media":0,"parent":0,"menu_order":0,"comment_status":"closed","ping_status":"closed","template":"","meta":{"_et_pb_use_builder":"","_et_pb_old_content":"","_et_gb_content_width":"","footnotes":""},"class_list":["post-121","page","type-page","status-publish","hentry"],"_links":{"self":[{"href":"https:\/\/www.vedicart.net\/sv\/wp-json\/wp\/v2\/pages\/121"}],"collection":[{"href":"https:\/\/www.vedicart.net\/sv\/wp-json\/wp\/v2\/pages"}],"about":[{"href":"https:\/\/www.vedicart.net\/sv\/wp-json\/wp\/v2\/types\/page"}],"author":[{"embeddable":true,"href":"https:\/\/www.vedicart.net\/sv\/wp-json\/wp\/v2\/users\/1"}],"replies":[{"embeddable":true,"href":"https:\/\/www.vedicart.net\/sv\/wp-json\/wp\/v2\/comments?post=121"}],"version-history":[{"count":4,"href":"https:\/\/www.vedicart.net\/sv\/wp-json\/wp\/v2\/pages\/121\/revisions"}],"predecessor-version":[{"id":156,"href":"https:\/\/www.vedicart.net\/sv\/wp-json\/wp\/v2\/pages\/121\/revisions\/156"}],"wp:attachment":[{"href":"https:\/\/www.vedicart.net\/sv\/wp-json\/wp\/v2\/media?parent=121"}],"curies":[{"name":"wp","href":"https:\/\/api.w.org\/{rel}","templated":true}]}}